{"id":9499,"date":"2023-04-22T07:32:32","date_gmt":"2023-04-22T05:32:32","guid":{"rendered":"https:\/\/zirben-shop.eu\/obdelava-osebnih-podatkov\/"},"modified":"2024-01-11T20:12:11","modified_gmt":"2024-01-11T19:12:11","slug":"nutzung-persoenlicher-daten","status":"publish","type":"page","link":"https:\/\/zirben-shop.eu\/de\/nutzung-persoenlicher-daten\/","title":{"rendered":"Nutzung pers\u00f6nlicher daten"},"content":{"rendered":"\t\t<div data-elementor-type=\"wp-page\" data-elementor-id=\"9499\" class=\"elementor elementor-9499 elementor-3\">\n\t\t\t\t\t\t<section class=\"wd-negative-gap elementor-section elementor-top-section elementor-element elementor-element-233b7e34 elementor-section-boxed elementor-section-height-default elementor-section-height-default\" data-id=\"233b7e34\" data-element_type=\"section\">\n\t\t\t\t\t\t<div class=\"elementor-container elementor-column-gap-default\">\n\t\t\t\t\t<div class=\"elementor-column elementor-col-100 elementor-top-column elementor-element elementor-element-65823b20\" data-id=\"65823b20\" data-element_type=\"column\">\n\t\t\t<div class=\"elementor-widget-wrap elementor-element-populated\">\n\t\t\t\t\t\t<div class=\"elementor-element elementor-element-55cd39ef color-scheme-inherit text-left elementor-widget elementor-widget-text-editor\" data-id=\"55cd39ef\" data-element_type=\"widget\" data-widget_type=\"text-editor.default\">\n\t\t\t\t<div class=\"elementor-widget-container\">\n\t\t\t\t\t\t\t\t\t<p>Bei der Sicherstellung der h\u00f6chsten Qualit\u00e4t unserer Dienstleistungen , bearbeiten wir auch Ihre Informationen. Wir behandeln Ihre pers\u00f6nlichen Daten mit gr\u00f6\u00dfter Sorgfalt und ber\u00fccksichtigen die geltenden Gesetze und die h\u00f6chsten Standards ihrer Bearbeitung. Die Essenz unserer Aktivit\u00e4ten in Bezug auf die Verwaltung Ihrer pers\u00f6nlichen Informationen besteht darin, Ihnen zu erm\u00f6glichen und Sie dar\u00fcber zu informiieren, was mit Ihren pers\u00f6nlichen Informationen in unserem Management geschieht.<\/p><p>Die Grundlage f\u00fcr die Verarbeitung Ihrer personenbezogenen Daten kann in folgende Gruppen unterteilt werden:<br \/>\u2022 Verarbeitung ist notwendig f\u00fcr die Durchf\u00fchrung des Vertrags,<br \/>\u2022 Verarbeitung, um die rechtlichen Verpflichtungen f\u00fcr Online-Shop-Anbieter zu erf\u00fcllen,<br \/>\u2022 Verarbeitung, der Sie in unserer Zusammenarbeit freiwillig zustimmen<\/p><p>Im Zusammenhang mit dem Erwerb von Dienstleistungen \u00fcber einen Online-Shop werden Kundendaten verarbeitet. Die gesammelten personenbezogenen Daten \u00fcber Kunden werden zur Erf\u00fcllung der Verpflichtungen, zu denen wir uns verpflichtet haben, durch einen Vertrag mit Ihnen verarbeitet.<\/p><p>In \u00dcbereinstimmung mit dem Gesetz erhalten wir von Ihnen die folgenden Informationen f\u00fcr die Durchf\u00fchrung des Vertrags: Ihren pers\u00f6nlichen Vor- und Nachnamen, Adresse, E-Mail, Kontaktnummer. Im Falle eines Gesch\u00e4ftsteilnehmers sind solche Informationen eine Firma, ihre Organisationsform, Adresse und Steuernummer.<\/p><p>und Pflichten (Vertrag, Vertragserf\u00fcllung, Lieferung von Waren und sonstige vertragliche Verpflichtungen), Clearing und Abrechnung von Kaufsachen. Wir nutzen die gleiche Basis f\u00fcr die Unterst\u00fctzung der Abonnenten.<\/p><p>F\u00fcr die Zwecke der Vertragsumsetzung verarbeiten wir: Informationen \u00fcber abonnierte Dienstleistungen und gekaufte Waren, Ihre Kontaktdaten, die Telefonnummern und E-Mail-Adressen, Daten f\u00fcr die \u00dcberweisung eines Kontos und f\u00fcr die Zahlung eines Kontos, Informationen \u00fcber autorisierte Personen, die f\u00fcr Sie sorgen Vertr\u00e4ge, einschlie\u00dflich Zahlungen, die Einreichung von Anfragen f\u00fcr eine \u00c4nderung des Vertrags, Rechnungsstellung und Zahlungsinformationen.<\/p><p>Beim Besuch von Websites verarbeiten wir personenbezogene Daten von Besuchern, die wir f\u00fcr erweiterte Online-Werbung und Webanalyse verwenden. Sie vermeiden die Verarbeitung personenbezogener Daten mit entsprechenden Cookie- und Plug-in-Einstellungen beim Besuch einer Website oder den entsprechenden Einstellungen f\u00fcr die Verwendung der Cookies in dem von Ihnen verwendeten Webbrowser. Lesen Sie hier mehr \u00fcber Cookies.<\/p><p>Wenn Sie m\u00f6chten, k\u00f6nnen Sie sich bei Ihrer Anmeldung f\u00fcr eine Online-Shop-Benachrichtigung anmelden. Wenn Sie zustimmen, erhalten Sie Newsletter und Benachrichtigungen \u00fcber das Online-Shop-Angebot. Sie k\u00f6nnen die Einwilligung jederzeit widerrufen. Sie haben das Recht, die Einwilligung zur Verarbeitung zu widerrufen, ebenso wie Sie der Verarbeitung personenbezogener Daten zustimmen oder indem Sie eine Anfrage an die Adresse des Online-Shops senden.<\/p><p>Die Datenaufbewahrungsfrist richtet sich nach der Kategorie der individuellen Daten. Wir bewahren die Daten so lange auf, wie dies zur Erreichung des Zweckes, f\u00fcr den wir Daten erhoben oder weiterverarbeitet haben, oder bis zum Ablauf der Verj\u00e4hrungsfrist f\u00fcr die Pflichterf\u00fcllung oder der gesetzlichen Aufbewahrungsfrist notwendig ist. Nach Ablauf der Aufbewahrungsfrist werden die Daten gel\u00f6scht, vernichtet, gesperrt oder anonymisiert, sofern das Gesetz f\u00fcr die jeweilige Art von Daten nichts anderes bestimmt.<\/p><p>Personen k\u00f6nnen uns auffordern, auf personenbezogene Daten zuzugreifen, sie zu korrigieren, zu l\u00f6schen oder die Verarbeitung Ihrer pers\u00f6nlichen Daten zu beschr\u00e4nken. Sie haben das Recht, der Verarbeitung und \u00dcbertragbarkeit Ihrer pers\u00f6nlichen Daten zu widersprechen.<br \/>Senden Sie Ihre Anfrage an<\/p><p><a href=\"mailto:info@zirben-shop.eu\"><em>info@zirben-shop.eu<\/em><\/a><\/p>\t\t\t\t\t\t\t\t<\/div>\n\t\t\t\t<\/div>\n\t\t\t\t\t<\/div>\n\t\t<\/div>\n\t\t\t\t\t<\/div>\n\t\t<\/section>\n\t\t\t\t<\/div>\n\t\t","protected":false},"excerpt":{"rendered":"<p>Bei der Sicherstellung der h\u00f6chsten Qualit\u00e4t unserer Dienstleistungen , bearbeiten wir auch Ihre Informationen. Wir behandeln Ihre pers\u00f6nlichen Daten mit<\/p>\n","protected":false},"author":1,"featured_media":0,"parent":0,"menu_order":0,"comment_status":"closed","ping_status":"closed","template":"","meta":{"footnotes":""},"class_list":["post-9499","page","type-page","status-publish","hentry"],"_links":{"self":[{"href":"https:\/\/zirben-shop.eu\/de\/wp-json\/wp\/v2\/pages\/9499","targetHints":{"allow":["GET"]}}],"collection":[{"href":"https:\/\/zirben-shop.eu\/de\/wp-json\/wp\/v2\/pages"}],"about":[{"href":"https:\/\/zirben-shop.eu\/de\/wp-json\/wp\/v2\/types\/page"}],"author":[{"embeddable":true,"href":"https:\/\/zirben-shop.eu\/de\/wp-json\/wp\/v2\/users\/1"}],"replies":[{"embeddable":true,"href":"https:\/\/zirben-shop.eu\/de\/wp-json\/wp\/v2\/comments?post=9499"}],"version-history":[{"count":1,"href":"https:\/\/zirben-shop.eu\/de\/wp-json\/wp\/v2\/pages\/9499\/revisions"}],"predecessor-version":[{"id":11189,"href":"https:\/\/zirben-shop.eu\/de\/wp-json\/wp\/v2\/pages\/9499\/revisions\/11189"}],"wp:attachment":[{"href":"https:\/\/zirben-shop.eu\/de\/wp-json\/wp\/v2\/media?parent=9499"}],"curies":[{"name":"wp","href":"https:\/\/api.w.org\/{rel}","templated":true}]}}