{"id":9509,"date":"2023-06-28T18:41:56","date_gmt":"2023-06-28T16:41:56","guid":{"rendered":"https:\/\/zirben-shop.eu\/piskotki\/"},"modified":"2024-01-11T20:06:36","modified_gmt":"2024-01-11T19:06:36","slug":"cookies","status":"publish","type":"page","link":"https:\/\/zirben-shop.eu\/de\/cookies\/","title":{"rendered":"Cookies"},"content":{"rendered":"\t\t<div data-elementor-type=\"wp-page\" data-elementor-id=\"9509\" class=\"elementor elementor-9509 elementor-9257\">\n\t\t\t\t\t\t<section class=\"wd-negative-gap elementor-section elementor-top-section elementor-element elementor-element-53656683 elementor-section-boxed elementor-section-height-default elementor-section-height-default\" data-id=\"53656683\" data-element_type=\"section\">\n\t\t\t\t\t\t<div class=\"elementor-container elementor-column-gap-default\">\n\t\t\t\t\t<div class=\"elementor-column elementor-col-100 elementor-top-column elementor-element elementor-element-50902d53\" data-id=\"50902d53\" data-element_type=\"column\">\n\t\t\t<div class=\"elementor-widget-wrap elementor-element-populated\">\n\t\t\t\t\t\t<div class=\"elementor-element elementor-element-13b2e2c3 color-scheme-inherit text-left elementor-widget elementor-widget-text-editor\" data-id=\"13b2e2c3\" data-element_type=\"widget\" data-widget_type=\"text-editor.default\">\n\t\t\t\t<div class=\"elementor-widget-container\">\n\t\t\t\t\t\t\t\t\t<p>Wir verwenden Cookies, um Ihnen die bestm\u00f6gliche Nutzung unserer Website zu erm\u00f6glichen. Ein Cookie ist eine kleine Textdatei, die bei Ihrem Besuch vor\u00fcbergehend auf Ihrem Computer oder Mobilger\u00e4t gespeichert wird und Ihre Online-Erfahrung verbessert. Cookies enthalten keine pers\u00f6nlichen Informationen \u00fcber den Benutzer und erlauben keine Identifizierung der Person. Cookies enthalten oft eine eindeutige Kennung \u2013 eine anonyme Nummer, die v\u00f6llig zuf\u00e4llig generiert und auf der Festplatte Ihres Computers gespeichert wird. Einige Cookies werden nach Abschluss der Arbeit oder der Nutzung der Website gel\u00f6scht, von denen einige f\u00fcr l\u00e4ngere Zeit auf Ihrem Computer verbleiben.<\/p><p><strong>Arten von Cookies<\/strong><\/p><p>1. Gute Cookies<br \/>Cookies von Erstanbietern stammen von der Website, die der Nutzer dauerhaft oder vor\u00fcbergehend ansieht. Seiten verwenden diese Cookies, um Informationen zu speichern, die sie wiederverwenden, wenn der Benutzer die Seite das n\u00e4chste Mal besucht.<\/p><p>2.\u00a0Andere Cookies<br \/>Cookies anderer Parteien stammen von anderen Partner-Internetseiten. Auf diese Weise k\u00f6nnen dritte Benutzerdaten von verschiedenen Websites sammeln und f\u00fcr verschiedene Zwecke verwenden, z.B. um die Popularit\u00e4t zu bestimmen. Die Webseite, die Sie besuchen, verwenden eigene Cookies.<\/p><p><strong>Warum Cookies zulassen?<\/strong><\/p><p>-Informationen in Cookies dienen dazu, eine bessere Erfahrung in der Nutzung einer Website zu bieten oder eine h\u00f6here Qualit\u00e4t der Dienste zu gew\u00e4hrleisten.<\/p><p>-Um die Erkennung Ihres Computers zu erm\u00f6glichen, damit Sie nicht wiederholt dieselben Daten f\u00fcr eine bestimmte Aufgabe oder w\u00e4hrend einer Sitzung eingeben m\u00fcssen (z. B. beim Ausf\u00fcllen von Online-Formularen oder Online-Umfragen)<\/p><p>-Um den reibungslosen Betrieb von Video-Playern zu erm\u00f6glichen<\/p><p>\u2013 ausreichende Kapazit\u00e4t bereitstellen, um den Systembetrieb mit hoher Geschwindigkeit zu erreichen. Cookies sind hilfreich bei der Analyse anonymer Daten, die es uns erm\u00f6glichen, die Interaktion zwischen Benutzern und verschiedenen Aspekten unserer Online-Dienste zu verstehen, um sie weiter zu verbessern.<\/p><p><strong>Was passiert, wenn Sie keine Cookies akzeptieren?<\/strong><\/p><p>Wenn Sie keine Cookies akzeptieren, k\u00f6nnen bestimmte Funktionen auf dieser Website nicht korrekt angezeigt oder ausgef\u00fchrt werden. Dies kann zu einer eingeschr\u00e4nkten Nutzung dieser Website f\u00fchren und wirkt sich negativ auf die Funktionsweise der Website und die Anzeige von Inhalten aus und beeintr\u00e4chtigt Ihre Nutzererfahrung..<\/p><p><strong>Dies kann zum Beispiel sein zu folgenden Aspekten:<\/strong><\/p><p>-Pers\u00f6nliche Erfahrung in der Nutzung der Website<br \/>\u2013 Sehen Sie Videos an<br \/>-Die F\u00e4higkeit, einzelne Inhalte auf der Website und die \u201eTeile\u201c Funktion in sozialen Netzwerken zu genie\u00dfen<br \/>-Display-Inhalt enthalten<br \/>\u2013 Cookies auf der Seite<\/p><p>Im Moment haben wir zwei verschiedene Arten von Tracking auf der Website, um einen besseren Service auf der Site bereitzustellen. Zun\u00e4chst verwenden wir Google Analytics, wodurch wir Ihnen das anbieten k\u00f6nnen, wonach Sie suchen.Wir verwenden Tracking-Links zu sozialen Netzwerken, die auf eine Seite verlinken m\u00fcssen<\/p>\t\t\t\t\t\t\t\t<\/div>\n\t\t\t\t<\/div>\n\t\t\t\t\t<\/div>\n\t\t<\/div>\n\t\t\t\t\t<\/div>\n\t\t<\/section>\n\t\t\t\t<\/div>\n\t\t","protected":false},"excerpt":{"rendered":"<p>Wir verwenden Cookies, um Ihnen die bestm\u00f6gliche Nutzung unserer Website zu erm\u00f6glichen. Ein Cookie ist eine kleine Textdatei, die bei<\/p>\n","protected":false},"author":1,"featured_media":0,"parent":0,"menu_order":0,"comment_status":"closed","ping_status":"closed","template":"","meta":{"footnotes":""},"class_list":["post-9509","page","type-page","status-publish","hentry"],"_links":{"self":[{"href":"https:\/\/zirben-shop.eu\/de\/wp-json\/wp\/v2\/pages\/9509","targetHints":{"allow":["GET"]}}],"collection":[{"href":"https:\/\/zirben-shop.eu\/de\/wp-json\/wp\/v2\/pages"}],"about":[{"href":"https:\/\/zirben-shop.eu\/de\/wp-json\/wp\/v2\/types\/page"}],"author":[{"embeddable":true,"href":"https:\/\/zirben-shop.eu\/de\/wp-json\/wp\/v2\/users\/1"}],"replies":[{"embeddable":true,"href":"https:\/\/zirben-shop.eu\/de\/wp-json\/wp\/v2\/comments?post=9509"}],"version-history":[{"count":1,"href":"https:\/\/zirben-shop.eu\/de\/wp-json\/wp\/v2\/pages\/9509\/revisions"}],"predecessor-version":[{"id":11179,"href":"https:\/\/zirben-shop.eu\/de\/wp-json\/wp\/v2\/pages\/9509\/revisions\/11179"}],"wp:attachment":[{"href":"https:\/\/zirben-shop.eu\/de\/wp-json\/wp\/v2\/media?parent=9509"}],"curies":[{"name":"wp","href":"https:\/\/api.w.org\/{rel}","templated":true}]}}