{"id":9805,"date":"2021-10-12T15:51:09","date_gmt":"2021-10-12T13:51:09","guid":{"rendered":"https:\/\/zirben-shop.eu\/o-nas\/"},"modified":"2024-01-11T20:10:42","modified_gmt":"2024-01-11T19:10:42","slug":"ueber-uns","status":"publish","type":"page","link":"https:\/\/zirben-shop.eu\/de\/ueber-uns\/","title":{"rendered":"\u00dcber uns"},"content":{"rendered":"\t\t<div data-elementor-type=\"wp-page\" data-elementor-id=\"9805\" class=\"elementor elementor-9805 elementor-4400\">\n\t\t\t\t\t\t<section class=\"wd-negative-gap elementor-section elementor-top-section elementor-element elementor-element-3c548bca elementor-reverse-tablet elementor-reverse-mobile elementor-section-boxed elementor-section-height-default elementor-section-height-default\" data-id=\"3c548bca\" data-element_type=\"section\">\n\t\t\t\t\t\t<div class=\"elementor-container elementor-column-gap-default\">\n\t\t\t\t\t<div class=\"elementor-column elementor-col-50 elementor-top-column elementor-element elementor-element-1d354ed7\" data-id=\"1d354ed7\" data-element_type=\"column\">\n\t\t\t<div class=\"elementor-widget-wrap elementor-element-populated\">\n\t\t\t\t\t\t<div class=\"elementor-element elementor-element-3b8f1c6 elementor-widget elementor-widget-wd_image_or_svg\" data-id=\"3b8f1c6\" data-element_type=\"widget\" data-widget_type=\"wd_image_or_svg.default\">\n\t\t\t\t<div class=\"elementor-widget-container\">\n\t\t\t\t\t\n\t\t<div class=\"wd-image text-left\">\n\t\t\t\t\t\t\t\t<img fetchpriority=\"high\" decoding=\"async\" width=\"800\" height=\"800\" src=\"https:\/\/zirben-shop.eu\/wp-content\/uploads\/2023\/08\/zirben-shop-o-nas.jpg\" class=\"attachment-full size-full\" alt=\"\" srcset=\"https:\/\/zirben-shop.eu\/wp-content\/uploads\/2023\/08\/zirben-shop-o-nas.jpg 800w, https:\/\/zirben-shop.eu\/wp-content\/uploads\/2023\/08\/zirben-shop-o-nas-300x300.jpg 300w, https:\/\/zirben-shop.eu\/wp-content\/uploads\/2023\/08\/zirben-shop-o-nas-150x150.jpg 150w, https:\/\/zirben-shop.eu\/wp-content\/uploads\/2023\/08\/zirben-shop-o-nas-768x768.jpg 768w, https:\/\/zirben-shop.eu\/wp-content\/uploads\/2023\/08\/zirben-shop-o-nas-430x430.jpg 430w, https:\/\/zirben-shop.eu\/wp-content\/uploads\/2023\/08\/zirben-shop-o-nas-700x700.jpg 700w\" sizes=\"(max-width: 800px) 100vw, 800px\" \/>\t\t\t\t\t<\/div>\n\n\t\t\t\t\t\t<\/div>\n\t\t\t\t<\/div>\n\t\t\t\t\t<\/div>\n\t\t<\/div>\n\t\t\t\t<div class=\"elementor-column elementor-col-50 elementor-top-column elementor-element elementor-element-7a9daa7\" data-id=\"7a9daa7\" data-element_type=\"column\">\n\t\t\t<div class=\"elementor-widget-wrap elementor-element-populated\">\n\t\t\t\t\t\t<div class=\"elementor-element elementor-element-18566191 wd-width-100 elementor-widget elementor-widget-wd_title\" data-id=\"18566191\" data-element_type=\"widget\" data-widget_type=\"wd_title.default\">\n\t\t\t\t<div class=\"elementor-widget-container\">\n\t\t\t\t\t\t\t<div class=\"title-wrapper set-mb-s reset-last-child wd-title-color-primary wd-title-style-default wd-title-size-large text-center\">\n\n\t\t\t\n\t\t\t<div class=\"liner-continer\">\n\t\t\t\t<h4 class=\"woodmart-title-container title wd-fontsize-xxl\">Willkommen im Zirben-Shop!<\/h4> \n\t\t\t\t\t\t\t<\/div>\n\n\t\t\t\t\t<\/div>\n\t\t\t\t\t\t<\/div>\n\t\t\t\t<\/div>\n\t\t\t\t<div class=\"elementor-element elementor-element-cf34ae6 elementor-widget elementor-widget-wd_text_block\" data-id=\"cf34ae6\" data-element_type=\"widget\" data-widget_type=\"wd_text_block.default\">\n\t\t\t\t<div class=\"elementor-widget-container\">\n\t\t\t\t\t\t\t<div class=\"wd-text-block reset-last-child text-center\">\n\t\t\t\n\t\t\t<p>Mit Freude pr\u00e4sentieren wir Ihnen unser Familienunternehmen, das im Jahr 1996 mit einer leidenschaftlichen Liebe zum Holz und zur Kreativit\u00e4t gegr\u00fcndet wurde. Im Laufe der Jahre sind wir in der Branche zu einer anerkannten Kraft geworden, die sich auf die Herstellung und den Gro\u00dfhandel hochwertiger Holzprodukte f\u00fcr ein breites Spektrum von Verbrauchern spezialisiert hat. Unsere Produkte sind in vielen L\u00e4ndern der Europ\u00e4ischen Union vertreten und schm\u00fccken zahlreiche Haushalte, was uns mit Stolz erf\u00fcllt.<\/p><p>Wir freuen uns, dass unsere Familie und unser Erbe tief in der Holzverarbeitung verwurzelt sind. Von Anfang an haben wir unsere starke Verpflichtung zur Handwerkskunst und zur Verwendung hochwertiger Holzmaterialien beibehalten. Unser Team erfahrener Handwerker, die die Liebe zum Holz und die Liebe zum Detail teilen, fertigt sorgf\u00e4ltig jedes St\u00fcck an, um Produkte zu schaffen, die sowohl sch\u00f6n als auch langlebig sind.<\/p>\n\t\t\t\t\t<\/div>\n\t\t\t\t\t\t<\/div>\n\t\t\t\t<\/div>\n\t\t\t\t\t<\/div>\n\t\t<\/div>\n\t\t\t\t\t<\/div>\n\t\t<\/section>\n\t\t\t\t<section class=\"wd-negative-gap elementor-section elementor-top-section elementor-element elementor-element-258a5d03 elementor-section-content-middle wd-section-stretch elementor-section-boxed elementor-section-height-default elementor-section-height-default\" data-id=\"258a5d03\" data-element_type=\"section\" data-settings=\"{&quot;background_background&quot;:&quot;classic&quot;}\">\n\t\t\t\t\t\t<div class=\"elementor-container elementor-column-gap-default\">\n\t\t\t\t\t<div class=\"elementor-column elementor-col-50 elementor-top-column elementor-element elementor-element-322d579b color-scheme-light\" data-id=\"322d579b\" data-element_type=\"column\">\n\t\t\t<div class=\"elementor-widget-wrap elementor-element-populated\">\n\t\t\t\t\t\t<div class=\"elementor-element elementor-element-1d167ea wd-width-100 elementor-widget elementor-widget-wd_title\" data-id=\"1d167ea\" data-element_type=\"widget\" data-widget_type=\"wd_title.default\">\n\t\t\t\t<div class=\"elementor-widget-container\">\n\t\t\t\t\t\t\t<div class=\"title-wrapper set-mb-s reset-last-child wd-title-color-primary wd-title-style-default wd-title-size-large text-center\">\n\n\t\t\t\n\t\t\t<div class=\"liner-continer\">\n\t\t\t\t<h4 class=\"woodmart-title-container title wd-fontsize-xxl\">All unsere Produkte sind sorgf\u00e4ltig und qualitativ hochwertig gefertigt.<\/h4> \n\t\t\t\t\t\t\t<\/div>\n\n\t\t\t\t\t<\/div>\n\t\t\t\t\t\t<\/div>\n\t\t\t\t<\/div>\n\t\t\t\t\t<\/div>\n\t\t<\/div>\n\t\t\t\t<div class=\"elementor-column elementor-col-50 elementor-top-column elementor-element elementor-element-f1bfe4d\" data-id=\"f1bfe4d\" data-element_type=\"column\">\n\t\t\t<div class=\"elementor-widget-wrap elementor-element-populated\">\n\t\t\t\t\t\t<div class=\"elementor-element elementor-element-a11cb7f elementor-widget elementor-widget-wd_text_block\" data-id=\"a11cb7f\" data-element_type=\"widget\" data-widget_type=\"wd_text_block.default\">\n\t\t\t\t<div class=\"elementor-widget-container\">\n\t\t\t\t\t\t\t<div class=\"wd-text-block reset-last-child text-center\">\n\t\t\t\n\t\t\t<p>Unsere Holzkollektion ist vielf\u00e4ltig und umfasst eine breite Palette von Gegenst\u00e4nden, die die unterschiedlichen Bed\u00fcrfnisse und Vorlieben unserer Kunden befriedigen. Von elegantem K\u00fcchengeschirr bis hin zu wundersch\u00f6nen dekorativen Elementen spiegelt jedes Produkt unser Engagement f\u00fcr Qualit\u00e4t und \u00c4sthetik wider.<\/p><p>Wir sind stolz darauf, dass unsere Produkte in vielen Haushalten in ganz Europa ihren Platz finden. Wir sind uns bewusst, dass das Zuhause der Ort ist, an dem unbezahlbare Geschichten geschrieben und kostbare Erinnerungen geschaffen werden. Daher bem\u00fchen wir uns, Produkte zu schaffen, die W\u00e4rme und Pers\u00f6nlichkeit in jeden Raum bringen, den sie bereichern.<\/p><p>Unsere Mission geht jedoch \u00fcber die Schaffung sch\u00f6ner Produkte hinaus und beinhaltet auch nachhaltiges Wirtschaften. Wir k\u00fcmmern uns um die Umwelt und verwenden daher Holz und andere nat\u00fcrliche Materialien, w\u00e4hrend wir eine verantwortungsvolle Abfallentsorgung praktizieren.<\/p><p>Wir danken all unseren Kunden und Gesch\u00e4ftspartnern f\u00fcr ihr Vertrauen und ihre Unterst\u00fctzung. Ihre Zufriedenheit ist unsere gr\u00f6\u00dfte Belohnung, daher streben wir danach, Produkte und Dienstleistungen anzubieten, die Ihre Erwartungen \u00fcbertreffen.<\/p><p>Vielen Dank, dass Sie Teil unserer Reise sind und uns erm\u00f6glichen, die Liebe zum Holz und die Sch\u00f6nheit unserer Produkte in ganz Europa zu verbreiten.<\/p><p>Ihr Team von Zirben-shop<\/p>\n\t\t\t\t\t<\/div>\n\t\t\t\t\t\t<\/div>\n\t\t\t\t<\/div>\n\t\t\t\t\t<\/div>\n\t\t<\/div>\n\t\t\t\t\t<\/div>\n\t\t<\/section>\n\t\t\t\t<\/div>\n\t\t","protected":false},"excerpt":{"rendered":"<p>Willkommen im Zirben-Shop! Mit Freude pr\u00e4sentieren wir Ihnen unser Familienunternehmen, das im Jahr 1996 mit einer leidenschaftlichen Liebe zum Holz<\/p>\n","protected":false},"author":1,"featured_media":0,"parent":0,"menu_order":0,"comment_status":"closed","ping_status":"closed","template":"","meta":{"footnotes":""},"class_list":["post-9805","page","type-page","status-publish","hentry"],"_links":{"self":[{"href":"https:\/\/zirben-shop.eu\/de\/wp-json\/wp\/v2\/pages\/9805","targetHints":{"allow":["GET"]}}],"collection":[{"href":"https:\/\/zirben-shop.eu\/de\/wp-json\/wp\/v2\/pages"}],"about":[{"href":"https:\/\/zirben-shop.eu\/de\/wp-json\/wp\/v2\/types\/page"}],"author":[{"embeddable":true,"href":"https:\/\/zirben-shop.eu\/de\/wp-json\/wp\/v2\/users\/1"}],"replies":[{"embeddable":true,"href":"https:\/\/zirben-shop.eu\/de\/wp-json\/wp\/v2\/comments?post=9805"}],"version-history":[{"count":1,"href":"https:\/\/zirben-shop.eu\/de\/wp-json\/wp\/v2\/pages\/9805\/revisions"}],"predecessor-version":[{"id":11187,"href":"https:\/\/zirben-shop.eu\/de\/wp-json\/wp\/v2\/pages\/9805\/revisions\/11187"}],"wp:attachment":[{"href":"https:\/\/zirben-shop.eu\/de\/wp-json\/wp\/v2\/media?parent=9805"}],"curies":[{"name":"wp","href":"https:\/\/api.w.org\/{rel}","templated":true}]}}