{"id":10158,"date":"2023-07-03T18:40:14","date_gmt":"2023-07-03T16:40:14","guid":{"rendered":"https:\/\/zirben-shop.eu\/izdelek\/zirben-trinkflasche\/"},"modified":"2023-11-15T19:37:20","modified_gmt":"2023-11-15T18:37:20","slug":"zirben-trinkflasche","status":"publish","type":"product","link":"https:\/\/zirben-shop.eu\/de\/produkt\/zirben-trinkflasche\/","title":{"rendered":"Zirben Trinkflasche"},"content":{"rendered":"<p id=\"tw-target-text\" class=\"tw-data-text tw-text-large tw-ta\" dir=\"ltr\" data-placeholder=\"Prevod\" data-ved=\"2ahUKEwin8bvx0saCAxXv0wIHHe7qA8gQ3ewLegQIBRAQ\"><span class=\"Y2IQFc\" lang=\"de\">Das Produkt ist f\u00fcr den \u00f6sterreichischen und deutschen Markt nicht verf\u00fcgbar.<\/span><\/p>\n","protected":false},"excerpt":{"rendered":"<p>Das Produkt ist f\u00fcr den \u00f6sterreichischen und deutschen Markt nicht verf\u00fcgbar.<\/p>\n","protected":false},"featured_media":9439,"comment_status":"open","ping_status":"closed","template":"","meta":[],"product_brand":[],"product_cat":[159,156],"product_tag":[],"class_list":{"0":"post-10158","1":"product","2":"type-product","3":"status-publish","4":"has-post-thumbnail","6":"product_cat-produkte-aus-zirbenholz","7":"product_cat-werbeartikel-aus-zirbe","9":"first","10":"instock","11":"taxable","12":"shipping-taxable","13":"purchasable","14":"product-type-simple"},"_links":{"self":[{"href":"https:\/\/zirben-shop.eu\/de\/wp-json\/wp\/v2\/product\/10158","targetHints":{"allow":["GET"]}}],"collection":[{"href":"https:\/\/zirben-shop.eu\/de\/wp-json\/wp\/v2\/product"}],"about":[{"href":"https:\/\/zirben-shop.eu\/de\/wp-json\/wp\/v2\/types\/product"}],"replies":[{"embeddable":true,"href":"https:\/\/zirben-shop.eu\/de\/wp-json\/wp\/v2\/comments?post=10158"}],"version-history":[{"count":1,"href":"https:\/\/zirben-shop.eu\/de\/wp-json\/wp\/v2\/product\/10158\/revisions"}],"predecessor-version":[{"id":10878,"href":"https:\/\/zirben-shop.eu\/de\/wp-json\/wp\/v2\/product\/10158\/revisions\/10878"}],"wp:featuredmedia":[{"embeddable":true,"href":"https:\/\/zirben-shop.eu\/de\/wp-json\/wp\/v2\/media\/9439"}],"wp:attachment":[{"href":"https:\/\/zirben-shop.eu\/de\/wp-json\/wp\/v2\/media?parent=10158"}],"wp:term":[{"taxonomy":"product_brand","embeddable":true,"href":"https:\/\/zirben-shop.eu\/de\/wp-json\/wp\/v2\/product_brand?post=10158"},{"taxonomy":"product_cat","embeddable":true,"href":"https:\/\/zirben-shop.eu\/de\/wp-json\/wp\/v2\/product_cat?post=10158"},{"taxonomy":"product_tag","embeddable":true,"href":"https:\/\/zirben-shop.eu\/de\/wp-json\/wp\/v2\/product_tag?post=10158"}],"curies":[{"name":"wp","href":"https:\/\/api.w.org\/{rel}","templated":true}]}}