{"id":10167,"date":"2023-07-03T18:26:45","date_gmt":"2023-07-03T16:26:45","guid":{"rendered":"https:\/\/zirben-shop.eu\/izdelek\/zirben-schuessel\/"},"modified":"2025-09-18T13:05:41","modified_gmt":"2025-09-18T11:05:41","slug":"holzschuessel","status":"publish","type":"product","link":"https:\/\/zirben-shop.eu\/de\/produkt\/holzschuessel\/","title":{"rendered":"Holzsch\u00fcssel aus Zirbenholz"},"content":{"rendered":"<h3 data-start=\"108\" data-end=\"151\">Exklusive Holzsch\u00fcssel aus Zirbenholz<\/h3>\n<p data-start=\"152\" data-end=\"192\">Nat\u00fcrliche Sch\u00f6nheit und Gesundheit in Ihrem Zuhause<\/p>\n<p data-start=\"194\" data-end=\"462\">Unsere Sch\u00fcssel ist aus <strong data-start=\"221\" data-end=\"261\">Zirbenholz gefertigt,<\/strong> das f\u00fcr seinen angenehmen Pinosylvin-Duft und seine wohltuende Wirkung auf das Wohlbefinden bekannt ist. Dank der nat\u00fcrlichen \u00e4therischen \u00d6le ben\u00f6tigt sie keine zus\u00e4tzlichen Beschichtungen, ist gleichzeitig widerstandsf\u00e4hig, langlebig und v\u00f6llig lebensmittelsicher. <\/p>\n<p data-start=\"464\" data-end=\"683\">Jede Sch\u00fcssel ist ein <strong data-start=\"480\" data-end=\"492\">Unikat <\/strong>\u2013 mit markanten Aststellen und warmen, nat\u00fcrlichen Farbt\u00f6nen. Sie ist in verschiedenen Gr\u00f6\u00dfen erh\u00e4ltlich und kann zum Servieren von Speisen, zur Aufbewahrung von Obst oder als dekoratives Element verwendet werden. <\/p>\n<p data-start=\"685\" data-end=\"720\"><strong data-start=\"685\" data-end=\"718\">Vorteile der Zirbenholzsch\u00fcssel:<\/strong><\/p>\n<ul data-start=\"721\" data-end=\"979\">\n<li data-start=\"721\" data-end=\"777\">\n<p data-start=\"723\" data-end=\"777\">Angenehmer nat\u00fcrlicher Duft und positive Wirkung auf das Wohlbefinden,<\/p>\n<\/li>\n<li data-start=\"778\" data-end=\"823\">\n<p data-start=\"780\" data-end=\"823\">Frei von Chemikalien, vollkommen lebensmittelsicher,<\/p>\n<\/li>\n<li data-start=\"824\" data-end=\"876\">\n<p data-start=\"826\" data-end=\"876\">Vielseitig einsetzbar in der K\u00fcche und als Dekoration,<\/p>\n<\/li>\n<li data-start=\"877\" data-end=\"927\">\n<p data-start=\"879\" data-end=\"927\">Lange Lebensdauer dank der Robustheit des Holzes,<\/p>\n<\/li>\n<li data-start=\"928\" data-end=\"979\">\n<p data-start=\"930\" data-end=\"979\">Perfektes Geschenk f\u00fcr Liebhaber nat\u00fcrlicher Produkte.<\/p>\n<\/li>\n<\/ul>\n<p data-start=\"981\" data-end=\"1086\">Die Zirbenholzsch\u00fcssel vereint <strong data-start=\"1009\" data-end=\"1054\">nat\u00fcrliche Eleganz, Praktikabilit\u00e4t und Langlebigkeit<\/strong> \u2013 die perfekte Erg\u00e4nzung f\u00fcr jedes Zuhause.<\/p>\n","protected":false},"excerpt":{"rendered":"<p>Exklusive Holzsch\u00fcssel aus Zirbenholz Nat\u00fcrliche Sch\u00f6nheit und Gesundheit in Ihrem Zuhause Unsere Sch\u00fcssel ist aus Zirbenholz gefertigt, das f\u00fcr seinen<\/p>\n","protected":false},"featured_media":9389,"comment_status":"open","ping_status":"closed","template":"","meta":[],"product_brand":[],"product_cat":[157,159],"product_tag":[],"class_list":{"0":"post-10167","1":"product","2":"type-product","3":"status-publish","4":"has-post-thumbnail","6":"product_cat-kuechenprodukte-aus-zirbe","7":"product_cat-produkte-aus-zirbenholz","9":"first","10":"instock","11":"taxable","12":"shipping-taxable","13":"purchasable","14":"product-type-variable"},"_links":{"self":[{"href":"https:\/\/zirben-shop.eu\/de\/wp-json\/wp\/v2\/product\/10167","targetHints":{"allow":["GET"]}}],"collection":[{"href":"https:\/\/zirben-shop.eu\/de\/wp-json\/wp\/v2\/product"}],"about":[{"href":"https:\/\/zirben-shop.eu\/de\/wp-json\/wp\/v2\/types\/product"}],"replies":[{"embeddable":true,"href":"https:\/\/zirben-shop.eu\/de\/wp-json\/wp\/v2\/comments?post=10167"}],"version-history":[{"count":4,"href":"https:\/\/zirben-shop.eu\/de\/wp-json\/wp\/v2\/product\/10167\/revisions"}],"predecessor-version":[{"id":12641,"href":"https:\/\/zirben-shop.eu\/de\/wp-json\/wp\/v2\/product\/10167\/revisions\/12641"}],"wp:featuredmedia":[{"embeddable":true,"href":"https:\/\/zirben-shop.eu\/de\/wp-json\/wp\/v2\/media\/9389"}],"wp:attachment":[{"href":"https:\/\/zirben-shop.eu\/de\/wp-json\/wp\/v2\/media?parent=10167"}],"wp:term":[{"taxonomy":"product_brand","embeddable":true,"href":"https:\/\/zirben-shop.eu\/de\/wp-json\/wp\/v2\/product_brand?post=10167"},{"taxonomy":"product_cat","embeddable":true,"href":"https:\/\/zirben-shop.eu\/de\/wp-json\/wp\/v2\/product_cat?post=10167"},{"taxonomy":"product_tag","embeddable":true,"href":"https:\/\/zirben-shop.eu\/de\/wp-json\/wp\/v2\/product_tag?post=10167"}],"curies":[{"name":"wp","href":"https:\/\/api.w.org\/{rel}","templated":true}]}}