{"id":10236,"date":"2023-06-22T18:16:50","date_gmt":"2023-06-22T16:16:50","guid":{"rendered":"https:\/\/zirben-shop.eu\/izdelek\/zirben-apfel-oder-birne\/"},"modified":"2024-02-16T16:47:42","modified_gmt":"2024-02-16T15:47:42","slug":"apfel-und-birne-aus-zirbenholz","status":"publish","type":"product","link":"https:\/\/zirben-shop.eu\/de\/produkt\/apfel-und-birne-aus-zirbenholz\/","title":{"rendered":"Apfel und Birne aus Zirbenholz"},"content":{"rendered":"<h2>Nat\u00fcrliche Kunst &#8211; Apfel und Birne aus Zirbenholz<\/h2>\n<p>Wir freuen uns, Ihnen ein au\u00dfergew\u00f6hnlich dekoratives Ornament vorzustellen, das Ihr Zuhause auf den ersten Blick verzaubern wird. Erh\u00e4ltlich sind der Apfel und die Birne, handgefertigt aus hochwertigem Schweizer Zirbenholz, das uns eher als Zirbenholz bekannt ist. Dieses nat\u00fcrliche Material bietet luxuri\u00f6se Eleganz und einen Hauch der Schweizer Alpen in einem.<\/p>\n<p>Jedes St\u00fcck unserer Kollektion verk\u00f6rpert die au\u00dfergew\u00f6hnliche Sch\u00f6nheit des Zirbenholzes, die sich in jedem Detail dieses dekorativen Elements widerspiegelt. Die nat\u00fcrliche, helle Farbe des Zirbenholzes harmoniert perfekt mit jeder Atmosph\u00e4re in Ihrem Interieur und verleiht ihm Frische und nat\u00fcrliche W\u00e4rme.<\/p>\n<p>Der Apfel und die Birne aus Zirbenholz sind sorgf\u00e4ltig gefertigt und gew\u00e4hrleisten eine perfekte Kombination aus Funktionalit\u00e4t und Sch\u00f6nheit. Aufgrund der positiven Wirkungen von Pinosilvin, das im Zirbenholz enthalten ist, sowie seines angenehmen Aromas ist unser Produkt nat\u00fcrlich gef\u00e4rbt, ohne k\u00fcnstliche Beschichtungen, was seine Authentizit\u00e4t unterstreicht.<\/p>\n<p>Mit Liebe zum Detail gestaltet, bringen diese h\u00f6lzernen \u00c4pfel und Birnen eine einzigartige \u00c4sthetik der Natur direkt in Ihr Zuhause. Dieses au\u00dfergew\u00f6hnliche Ornament ist nicht nur eine visuelle Freude, sondern bringt auch positive Effekte auf die Umwelt und die Menschen mit sich.<\/p>\n<p>Ob Sie sich f\u00fcr den Apfel oder die Birne aus hochwertigem Schweizer Zirbenholz entscheiden, dieses Ornament symbolisiert nat\u00fcrliche Harmonie und verleiht Ihrem Zuhause einen Hauch von Eleganz. W\u00e4hlen Sie eine einzigartige Erg\u00e4nzung, die Ihren Raum mit raffinierter Sch\u00f6nheit und nat\u00fcrlicher Frische f\u00fcllt.<\/p>\n<h2>Dekorative Kunst der Natur &#8211; Holzornament aus Schweizer Zirbenholz auf Ihren Regalen<\/h2>\n<p>Dieses wundersch\u00f6ne Ornament in Form eines Apfels und einer Birne ist \u00e4u\u00dferst vielseitig und wird jeden Winkel Ihres Zuhauses mit seinem besonderen und einzigartigen Aussehen verzaubern und rustikal und anspruchsvoll wirken lassen.<\/p>\n<p>Platzieren Sie sie auf einem Tisch, einem Regal oder einer Kommode und genie\u00dfen Sie die nat\u00fcrliche Sch\u00f6nheit, die jede Umgebung erg\u00e4nzt.<\/p>\n<p>Der Apfel und die Birne aus Zirbenholz sind hervorragende Erg\u00e4nzungen f\u00fcr das Wohnzimmer und verleihen ihm eine subtile Note nat\u00fcrlicher W\u00e4rme. Ihre elegante Pr\u00e4senz wird eine angenehme Atmosph\u00e4re schaffen und Ihr Zuhause mit ruhiger Energie f\u00fcllen. Nutzen Sie die Einzigartigkeit dieses Holzprodukts auch auf Ihrem Schreibtisch oder Regal, wo es Ihrem Arbeitsbereich einen frischen und unverwechselbaren Look verleiht.<\/p>\n<p>Lassen Sie die Vorstellungskraft der Kinder den Apfel und die Birne in die Welt der Fantasie entf\u00fchren, wo sie zu einer magischen Erg\u00e4nzung werden, die Ihr Zuhause mit einer m\u00e4rchenhaften Atmosph\u00e4re verzaubert. Kinder k\u00f6nnen mit Buntstiften ihre bunten Tr\u00e4ume hinzuf\u00fcgen und einzigartige k\u00fcnstlerische Meisterwerke schaffen.<\/p>\n<p>Freuen Sie Ihre Lieben mit diesem einzigartigen Geschenk, das die nat\u00fcrliche Sch\u00f6nheit des Schweizer Zirbenholzes mit der Symbolik des Apfels und der Birne verbindet. Es wird ein wunderbares Geschenk f\u00fcr Naturliebhaber und Liebhaber eleganter Designs sein.<\/p>\n<p>Egal, wo der Apfel und die Birne aus Zirbenholz platziert werden oder zu welchem Zweck Sie sie verwenden, wir sind zuversichtlich, dass unser Ornament alle Ihre W\u00fcnsche und Bed\u00fcrfnisse erf\u00fcllen und jede Dekoration in Ihrem Zuhause verbessern wird.<\/p>\n<h3>Erhaltung nat\u00fcrlicher Sch\u00f6nheit &#8211; Tipps f\u00fcr langfristige Freude an Zirbenholzornamenten<\/h3>\n<p>Um den Apfel und die Birne aus Zirbenholz immer mit einem perfekten und gl\u00e4nzenden Aussehen strahlen zu lassen, empfiehlt es sich, einige einfache Pflegetipps zu befolgen. Wischen Sie den Apfel und die Birne gelegentlich mit einem trockenen oder leicht feuchten Tuch ab, um Staub zu entfernen, aber vermeiden Sie die Verwendung aggressiver Reiniger oder zu feuchter T\u00fccher, um den nat\u00fcrlichen Glanz des Holzes zu erhalten.<\/p>\n<p>Platzieren Sie das Ornament fern von direktem Sonnenlicht, da eine l\u00e4ngere Sonnenexposition zu Verblassen der Farben und Verformung des Holzes f\u00fchren kann. Aufgrund des nat\u00fcrlichen Effekts von Zirbenholz, das keine k\u00fcnstlichen Beschichtungen aufweist, sollte auch direkter Kontakt mit Wasser oder Feuchtigkeit vermieden werden. Stellen Sie sicher, dass der Apfel und die Birne immer trocken sind, da \u00fcberm\u00e4\u00dfige Feuchtigkeit das Holz besch\u00e4digen kann.<\/p>\n<p>Um die nat\u00fcrliche Farbe des Zirbenholzes zu erhalten, vermeiden Sie die Verwendung aggressiver Chemikalien oder k\u00fcnstlicher Beschichtungen. Erw\u00e4gen Sie, das dekorative Produkt an einem sicheren Ort zu platzieren, an dem nur geringe Sturz- oder Sto\u00dfgefahr besteht, um die Integrit\u00e4t des Produkts zu gew\u00e4hrleisten.<\/p>\n<p>Wenn Sie sich entscheiden, der Vorstellungskraft der Kinder zu erlauben, das Ornament mit Buntstiften zu bemalen, stellen Sie sicher, dass ungiftige Stifte verwendet werden und dass die Farben leicht zu entfernen sind. Auf diese Weise erhalten Sie das \u00e4sthetische Erscheinungsbild des Produkts, w\u00e4hrend Sie die Kreativit\u00e4t der J\u00fcngsten f\u00f6rdern, ohne dauerhafte Folgen f\u00fcr das Ornament.<\/p>\n<p>Durch die Befolgung dieser einfachen Richtlinien werden Sie lange Freude an der Sch\u00f6nheit und Einzigartigkeit dieses dekorativen Produkts aus Schweizer Zirbenholz haben.<\/p>\n<p>Im Folgenden finden Sie eine kurze Zusammenfassung dieses wundervollen Ornaments und der positiven Auswirkungen von Schweizer Zirbenholz auf das menschliche Wohlbefinden.<\/p>\n<ul>\n<li><strong> \u00c4sthetische Anziehungskraft:<\/strong> Das Ornament aus Schweizer Zirbenholz in Form eines Apfels und einer Birne repr\u00e4sentiert eine au\u00dfergew\u00f6hnliche \u00e4sthetische Anziehungskraft, die jede Umgebung erg\u00e4nzt. Seine nat\u00fcrliche, helle Farbe und einzigartige Form bringen Rustikalit\u00e4t und Raffinesse in die Inneneinrichtung.<\/li>\n<li><strong>Vielseitigkeit:<\/strong> Das Ornament ist vielseitig einsetzbar und passt perfekt in verschiedene R\u00e4ume wie Tische, Regale, Kommoden, Wohnzimmer oder Arbeitsbereiche und f\u00fcgt jeder Umgebung einen dekorativen Akzent hinzu.<\/li>\n<li><strong>Positive Fakten \u00fcber Schweizer Zirbenholz und seine Auswirkungen auf das Wohlbefinden der Menschen Positive Auswirkungen auf die Atemwege:<\/strong> Schweizer Zirbenholz kann dazu beitragen, die Luftqualit\u00e4t zu verbessern und hat eine positive Wirkung auf die Atemwege, was dazu beitr\u00e4gt, frische und saubere Luft im Raum zu schaffen.<\/li>\n<li><strong>Entspannende Wirkung:<\/strong> Der Duft von Schweizer Zirbenholz kann eine beruhigende Wirkung auf das Nervensystem haben und zur Stressreduzierung beitragen, indem er eine entspannte Atmosph\u00e4re schafft.<\/li>\n<\/ul>\n<p>&nbsp;<\/p>\n<p>Wussten Sie, dass der angenehme Duft von Schweizer Zirbenholz nicht nur eine angenehme Atmosph\u00e4re in Ihrem Zuhause schafft, sondern auch nat\u00fcrliche Insekten abwehrt und Ihre Kleidung auf nat\u00fcrliche Weise sch\u00fctzt? Daher k\u00f6nnen Sie dieses sch\u00f6ne Ornament in der N\u00e4he von Kleiderschr\u00e4nken platzieren, wo es nicht nur \u00e4sthetisch Ihr Zuhause aufwertet, sondern auch von seinem angenehmen Duft und seiner Funktionalit\u00e4t profitiert. Auf diese Weise verbinden Sie Sch\u00f6nheit mit N\u00fctzlichkeit, schaffen eine angenehme Atmosph\u00e4re und gew\u00e4hrleisten die Sicherheit und Frische Ihrer Kleidung. Diese Vorteile und positiven Fakten \u00fcber Schweizer Zirbenholz tragen dazu bei, dass das Ornament nicht nur \u00e4sthetisch ansprechend, sondern auch f\u00f6rderlich f\u00fcr das Wohlbefinden und die Umwelt im Raum ist.<\/p>\n","protected":false},"excerpt":{"rendered":"<p>Nat\u00fcrliche Kunst &#8211; Apfel und Birne aus Zirbenholz Wir freuen uns, Ihnen ein au\u00dfergew\u00f6hnlich dekoratives Ornament vorzustellen, das Ihr Zuhause<\/p>\n","protected":false},"featured_media":9059,"comment_status":"open","ping_status":"closed","template":"","meta":[],"product_brand":[],"product_cat":[159,158],"product_tag":[],"class_list":{"0":"post-10236","1":"product","2":"type-product","3":"status-publish","4":"has-post-thumbnail","6":"product_cat-produkte-aus-zirbenholz","7":"product_cat-wohnaccessoires-aus-zirbe","9":"first","10":"instock","11":"sale","12":"taxable","13":"shipping-taxable","14":"purchasable","15":"product-type-variable"},"_links":{"self":[{"href":"https:\/\/zirben-shop.eu\/de\/wp-json\/wp\/v2\/product\/10236","targetHints":{"allow":["GET"]}}],"collection":[{"href":"https:\/\/zirben-shop.eu\/de\/wp-json\/wp\/v2\/product"}],"about":[{"href":"https:\/\/zirben-shop.eu\/de\/wp-json\/wp\/v2\/types\/product"}],"replies":[{"embeddable":true,"href":"https:\/\/zirben-shop.eu\/de\/wp-json\/wp\/v2\/comments?post=10236"}],"version-history":[{"count":3,"href":"https:\/\/zirben-shop.eu\/de\/wp-json\/wp\/v2\/product\/10236\/revisions"}],"predecessor-version":[{"id":11523,"href":"https:\/\/zirben-shop.eu\/de\/wp-json\/wp\/v2\/product\/10236\/revisions\/11523"}],"wp:featuredmedia":[{"embeddable":true,"href":"https:\/\/zirben-shop.eu\/de\/wp-json\/wp\/v2\/media\/9059"}],"wp:attachment":[{"href":"https:\/\/zirben-shop.eu\/de\/wp-json\/wp\/v2\/media?parent=10236"}],"wp:term":[{"taxonomy":"product_brand","embeddable":true,"href":"https:\/\/zirben-shop.eu\/de\/wp-json\/wp\/v2\/product_brand?post=10236"},{"taxonomy":"product_cat","embeddable":true,"href":"https:\/\/zirben-shop.eu\/de\/wp-json\/wp\/v2\/product_cat?post=10236"},{"taxonomy":"product_tag","embeddable":true,"href":"https:\/\/zirben-shop.eu\/de\/wp-json\/wp\/v2\/product_tag?post=10236"}],"curies":[{"name":"wp","href":"https:\/\/api.w.org\/{rel}","templated":true}]}}