{"id":11005,"date":"2023-11-16T09:20:12","date_gmt":"2023-11-16T08:20:12","guid":{"rendered":"https:\/\/zirben-shop.eu\/izdelek\/zirben-spaene-gesiebt\/"},"modified":"2025-02-23T22:15:02","modified_gmt":"2025-02-23T21:15:02","slug":"zirben-spane-gesiebt","status":"publish","type":"product","link":"https:\/\/zirben-shop.eu\/de\/produkt\/zirben-spane-gesiebt\/","title":{"rendered":"Zirben sp\u00e4ne gesiebt"},"content":{"rendered":"<p data-start=\"0\" data-end=\"237\">Zirbensp\u00e4ne sind Holzsp\u00e4ne aus echter alpiner Zirbe, bekannt f\u00fcr ihren angenehmen, nat\u00fcrlichen Duft und ihre wohltuenden Eigenschaften. Sie enthalten \u00e4therische \u00d6le, die die Schlafqualit\u00e4t verbessern, beruhigen und den Raum erfrischen.<\/p>\n<p data-start=\"239\" data-end=\"376\" data-is-last-node=\"\">F\u00fcr eine langanhaltende Wirkung geben Sie gelegentlich etwas <strong data-start=\"300\" data-end=\"312\">Zirben\u00f6l<\/strong> hinzu und genie\u00dfen Sie die vollkommene nat\u00fcrliche Harmonie!<\/p>\n","protected":false},"excerpt":{"rendered":"<p>Zirbensp\u00e4ne sind Holzsp\u00e4ne aus echter alpiner Zirbe, bekannt f\u00fcr ihren angenehmen, nat\u00fcrlichen Duft und ihre wohltuenden Eigenschaften. Sie enthalten \u00e4therische<\/p>\n","protected":false},"featured_media":12372,"comment_status":"open","ping_status":"closed","template":"","meta":[],"product_brand":[],"product_cat":[159,158],"product_tag":[],"class_list":{"0":"post-11005","1":"product","2":"type-product","3":"status-publish","4":"has-post-thumbnail","6":"product_cat-produkte-aus-zirbenholz","7":"product_cat-wohnaccessoires-aus-zirbe","9":"first","10":"instock","11":"taxable","12":"shipping-taxable","13":"purchasable","14":"product-type-simple"},"_links":{"self":[{"href":"https:\/\/zirben-shop.eu\/de\/wp-json\/wp\/v2\/product\/11005","targetHints":{"allow":["GET"]}}],"collection":[{"href":"https:\/\/zirben-shop.eu\/de\/wp-json\/wp\/v2\/product"}],"about":[{"href":"https:\/\/zirben-shop.eu\/de\/wp-json\/wp\/v2\/types\/product"}],"replies":[{"embeddable":true,"href":"https:\/\/zirben-shop.eu\/de\/wp-json\/wp\/v2\/comments?post=11005"}],"version-history":[{"count":3,"href":"https:\/\/zirben-shop.eu\/de\/wp-json\/wp\/v2\/product\/11005\/revisions"}],"predecessor-version":[{"id":12377,"href":"https:\/\/zirben-shop.eu\/de\/wp-json\/wp\/v2\/product\/11005\/revisions\/12377"}],"wp:featuredmedia":[{"embeddable":true,"href":"https:\/\/zirben-shop.eu\/de\/wp-json\/wp\/v2\/media\/12372"}],"wp:attachment":[{"href":"https:\/\/zirben-shop.eu\/de\/wp-json\/wp\/v2\/media?parent=11005"}],"wp:term":[{"taxonomy":"product_brand","embeddable":true,"href":"https:\/\/zirben-shop.eu\/de\/wp-json\/wp\/v2\/product_brand?post=11005"},{"taxonomy":"product_cat","embeddable":true,"href":"https:\/\/zirben-shop.eu\/de\/wp-json\/wp\/v2\/product_cat?post=11005"},{"taxonomy":"product_tag","embeddable":true,"href":"https:\/\/zirben-shop.eu\/de\/wp-json\/wp\/v2\/product_tag?post=11005"}],"curies":[{"name":"wp","href":"https:\/\/api.w.org\/{rel}","templated":true}]}}