{"id":11033,"date":"2023-11-15T13:19:06","date_gmt":"2023-11-15T12:19:06","guid":{"rendered":"https:\/\/zirben-shop.eu\/izdelek\/zirben-kuchen-komplett-mit-krsche-loeffel\/"},"modified":"2024-04-06T12:55:57","modified_gmt":"2024-04-06T10:55:57","slug":"kuechen-set-aus-zirbenholz","status":"publish","type":"product","link":"https:\/\/zirben-shop.eu\/de\/produkt\/kuechen-set-aus-zirbenholz\/","title":{"rendered":"K\u00fcchen-Set aus Zirbenholz"},"content":{"rendered":"<h2>Elegantes K\u00fcchen-Set aus Zirbenholz &#8211; 6-teiliges Set f\u00fcr erstklassiges Kochen<\/h2>\n<p>Dieses au\u00dfergew\u00f6hnliche und wundersch\u00f6ne K\u00fcchen-Set ist aus Schweizer Zirbenholz gefertigt, das bei uns eher als Zirbenholz bekannt ist. Mit seinen au\u00dfergew\u00f6hnlichen Eigenschaften als robustes und leichtes Holz stellt es eine erstklassige Wahl f\u00fcr jeden Haushalt dar.<\/p>\n<p>Unser K\u00fcchen-Set umfasst sechs wesentliche Werkzeuge f\u00fcr jede K\u00fcche, die in einem eleganten Holzst\u00e4nder aufbewahrt werden. Mit dem unverzichtbaren Fleischklopfer sowie drei verschiedenen Spateln und zwei Kochl\u00f6ffeln bietet dieses Set eine erstklassige Ausstattung f\u00fcr jedes kulinarische Erlebnis.<\/p>\n<p>Die Holzfarbe ist ebenfalls au\u00dfergew\u00f6hnlich, da Zirbenholz reich an \u00c4sten ist, die jedem hergestellten Werkzeug ein echtes Farberlebnis verleihen.<\/p>\n<p>Mit diesen nat\u00fcrlichen Mustern erh\u00e4lt jedes Werkzeug sein einzigartiges Siegel, das es noch attraktiver macht.<\/p>\n<p>Das K\u00fcchen-Set aus Zirbenholz ist nicht zus\u00e4tzlich mit einer Schutzschicht \u00fcberzogen, was die nat\u00fcrlichen Eigenschaften des Holzes unber\u00fchrt l\u00e4sst.<\/p>\n<p>Mit den zahlreichen positiven Auswirkungen auf den Menschen, die das nat\u00fcrliche Zirbenholz mit sich bringt, gew\u00e4hrleistet dieses Set sicheres Kochen und Genie\u00dfen von Lebensmitteln ohne Bedenken.<\/p>\n<h3>Nat\u00fcrliches Kochen &#8211; K\u00fcchen-Set aus Zirbenholz f\u00fcr erstklassige Zubereitung von Speisen<\/h3>\n<p>Das Zubereiten von Mahlzeiten mit dem Zirbenholz-K\u00fcchen-Set ist ein wahres Vergn\u00fcgen, da jedes Werkzeug eine pr\u00e4zise und komfortable Nutzung erm\u00f6glicht.<\/p>\n<p>Beim Zubereiten jedes Gerichts sind der Fleischklopfer, die Spatel und die Kochl\u00f6ffel unverzichtbare Werkzeuge. Der Fleischklopfer wird verwendet, um Fleisch zu verd\u00fcnnen, was dazu beitr\u00e4gt, die Fasern zu zerkleinern und das Fleisch zu erweichen, was eine gleichm\u00e4\u00dfige Garung und saftigere Gerichte erm\u00f6glicht. Der Spatel eignet sich hervorragend zum Wenden und Vermischen von Zutaten w\u00e4hrend des Kochens sowie zum Gl\u00e4tten von Lebensmitteln in Pfanne oder Backform. Der Kochl\u00f6ffel ist besonders praktisch zum R\u00fchren, insbesondere bei fl\u00fcssigeren Gerichten wie Suppen und Saucen.<\/p>\n<p>Unser Zirbenholz-K\u00fcchen-Set eignet sich ideal zum Kochen zu Hause sowie im Freien, wenn wir bei Picknicks oder anderen gesellschaftlichen Veranstaltungen zusammenkommen. Aufgrund seiner Handlichkeit und Kompaktheit ist es eine ausgezeichnete Wahl zum Mitnehmen, wohin Sie auch gehen.<\/p>\n<p>Unser mit all diesen Vorteilen angereichertes Zirbenholz-K\u00fcchen-Set ist auch ein einfach erstklassiges Geschenk f\u00fcr alle kulinarischen Enthusiasten und Kochliebhaber.<\/p>\n<p>Der nat\u00fcrliche Zirbenholz, der f\u00fcr die Herstellung der K\u00fcchenwerkzeuge verwendet wird, unterstreicht einen nachhaltigen Ansatz, der eine langfristige Nutzung ohne Qualit\u00e4tsverlust erm\u00f6glicht.<\/p>\n<p>Daher sind wir zuversichtlich, dass Sie mit ihm auf jeden Fall zufrieden sein werden, unabh\u00e4ngig von Ihrer Wahl.<\/p>\n<h4>Wartung und Pflege &#8211; Geheimnisse der lang anhaltenden Sch\u00f6nheit des K\u00fcchen-Sets aus nat\u00fcrlichem Zirbenholz<\/h4>\n<p>Nach jedem Gebrauch die K\u00fcchenwerkzeuge mit warmem Wasser und mildem Reinigungsmittel abwischen und mit einem Tuch trocknen. Dies verhindert die Ansammlung von Essensresten und Schmutz und h\u00e4lt das Holzmaterial in gutem Zustand.<\/p>\n<p>Zirbenholz ist ein Naturholz, daher vermeiden Sie das Einweichen der K\u00fcchenwerkzeuge in Wasser oder langanhaltende Feuchtigkeit, da dies zu Verformungen des Holzes f\u00fchren kann.<\/p>\n<p>Verwenden Sie zum Reinigen keine aggressiven Reinigungsmittel oder abrasive Schw\u00e4mme, da diese die Oberfl\u00e4che des Holzes besch\u00e4digen k\u00f6nnen.<\/p>\n<p>Das Zirbenholz-K\u00fcchen-Set sollte nicht in der Sp\u00fclmaschine gereinigt werden, da hohe Temperaturen das Holz besch\u00e4digen k\u00f6nnen, was zu einem Verlust seiner Sch\u00f6nheit und Qualit\u00e4t f\u00fchrt.<\/p>\n<p>Durch regelm\u00e4\u00dfige Reinigung und sorgf\u00e4ltigen Gebrauch bleibt unser K\u00fcchen-Set aus nat\u00fcrlichem Zirbenholz lange sch\u00f6n und funktional.<\/p>\n<ul>\n<li><strong>Nachhaltigkeit und Langlebigkeit:<\/strong> Das K\u00fcchen-Set aus nat\u00fcrlichem Zirbenholz ist bekannt f\u00fcr seine Langlebigkeit und Best\u00e4ndigkeit, was eine langfristige Nutzung ohne Qualit\u00e4tsverlust gew\u00e4hrleistet.<\/li>\n<li><strong>\u00c4sthetisches Aussehen und nat\u00fcrlicher Charme:<\/strong> Zirbenholz bietet einen einzigartigen, nat\u00fcrlichen Look, der jede K\u00fcche mit seinem Charme und seiner Eleganz erg\u00e4nzt.<\/li>\n<\/ul>\n<p><strong>Neben seiner \u00e4sthetischen Anziehungskraft und Einzigartigkeit wirkt sich das nat\u00fcrliche Zirbenholz \u00e4u\u00dferst wohltuend und positiv auf das Wohlbefinden des Menschen aus. Seine Textur und Farbe erzeugen ein Gef\u00fchl der Verbundenheit mit der Natur, was Stress reduzieren und Entspannung f\u00f6rdern kann.<\/strong><\/p>\n<p><strong>Dar\u00fcber hinaus verstr\u00f6mt Zirbenholz einen angenehmen nat\u00fcrlichen Duft, der die Stimmung verbessern und eine angenehme Atmosph\u00e4re in der K\u00fcche schaffen kann, was ein positives kulinarisches Erlebnis f\u00f6rdert.<\/strong><\/p>\n<p><strong>Die \u00f6kologische und nat\u00fcrliche Wahl erm\u00f6glicht die Verwendung von Zirbenholz, einem nat\u00fcrlichen Material, das aus nachhaltig bewirtschafteten B\u00e4umen gewonnen wird, was das K\u00fcchen-Set zu einer umweltfreundlichen Wahl macht. Das Bewusstsein f\u00fcr den Einsatz \u00f6kologischer Materialien kann ein Gef\u00fchl der Zufriedenheit und Erf\u00fcllung bei der Verwendung des K\u00fcchen-Sets erh\u00f6hen.<\/strong><\/p>\n<p><strong>Die Einzigartigkeit und Individualit\u00e4t des Zirbenholzes kommen in jedem St\u00fcck des K\u00fcchen-Sets durch die nat\u00fcrlichen Muster und Farben des Holzes zur Geltung. Diese Individualit\u00e4t kann Kreativit\u00e4t und Ausdruck der eigenen Pers\u00f6nlichkeit in der K\u00fcche f\u00f6rdern, was sich positiv auf das Selbstbewusstsein und Wohlbefinden auswirken kann.<\/strong><\/p>\n","protected":false},"excerpt":{"rendered":"<p>Elegantes K\u00fcchen-Set aus Zirbenholz &#8211; 6-teiliges Set f\u00fcr erstklassiges Kochen Dieses au\u00dfergew\u00f6hnliche und wundersch\u00f6ne K\u00fcchen-Set ist aus Schweizer Zirbenholz gefertigt,<\/p>\n","protected":false},"featured_media":10819,"comment_status":"open","ping_status":"closed","template":"","meta":[],"product_brand":[],"product_cat":[157,159],"product_tag":[],"class_list":{"0":"post-11033","1":"product","2":"type-product","3":"status-publish","4":"has-post-thumbnail","6":"product_cat-kuechenprodukte-aus-zirbe","7":"product_cat-produkte-aus-zirbenholz","9":"first","10":"instock","11":"taxable","12":"shipping-taxable","13":"purchasable","14":"product-type-simple"},"_links":{"self":[{"href":"https:\/\/zirben-shop.eu\/de\/wp-json\/wp\/v2\/product\/11033","targetHints":{"allow":["GET"]}}],"collection":[{"href":"https:\/\/zirben-shop.eu\/de\/wp-json\/wp\/v2\/product"}],"about":[{"href":"https:\/\/zirben-shop.eu\/de\/wp-json\/wp\/v2\/types\/product"}],"replies":[{"embeddable":true,"href":"https:\/\/zirben-shop.eu\/de\/wp-json\/wp\/v2\/comments?post=11033"}],"version-history":[{"count":3,"href":"https:\/\/zirben-shop.eu\/de\/wp-json\/wp\/v2\/product\/11033\/revisions"}],"predecessor-version":[{"id":11653,"href":"https:\/\/zirben-shop.eu\/de\/wp-json\/wp\/v2\/product\/11033\/revisions\/11653"}],"wp:featuredmedia":[{"embeddable":true,"href":"https:\/\/zirben-shop.eu\/de\/wp-json\/wp\/v2\/media\/10819"}],"wp:attachment":[{"href":"https:\/\/zirben-shop.eu\/de\/wp-json\/wp\/v2\/media?parent=11033"}],"wp:term":[{"taxonomy":"product_brand","embeddable":true,"href":"https:\/\/zirben-shop.eu\/de\/wp-json\/wp\/v2\/product_brand?post=11033"},{"taxonomy":"product_cat","embeddable":true,"href":"https:\/\/zirben-shop.eu\/de\/wp-json\/wp\/v2\/product_cat?post=11033"},{"taxonomy":"product_tag","embeddable":true,"href":"https:\/\/zirben-shop.eu\/de\/wp-json\/wp\/v2\/product_tag?post=11033"}],"curies":[{"name":"wp","href":"https:\/\/api.w.org\/{rel}","templated":true}]}}