{"id":11058,"date":"2023-11-15T10:57:47","date_gmt":"2023-11-15T09:57:47","guid":{"rendered":"https:\/\/zirben-shop.eu\/izdelek\/salzstreuer-zirbemit-glass\/"},"modified":"2024-10-02T07:06:48","modified_gmt":"2024-10-02T05:06:48","slug":"holzsalzstreuer","status":"publish","type":"product","link":"https:\/\/zirben-shop.eu\/de\/produkt\/holzsalzstreuer\/","title":{"rendered":"Holzsalzstreuer"},"content":{"rendered":"<h2>Nat\u00fcrlichkeit in jeder Mahlzeit &#8211; Holzsalzstreuer f\u00fcr perfekte Dosierung<\/h2>\n<p>Entdecken Sie nat\u00fcrliche Eleganz mit unserem Holzsalzstreuer, hergestellt aus hochwertiger Schweizer Kiefer, auch bekannt als Zirbenholz. Pr\u00e4zise und mit Liebe zum Detail gefertigt, strahlt der Salzstreuer die W\u00e4rme und nat\u00fcrliche Sch\u00f6nheit des Holzes aus.<\/p>\n<p>Der Holzsalzstreuer enth\u00e4lt zwei Glasbeh\u00e4lter, die sich zum Aufbewahren von Salz oder bei Bedarf auch von Pfeffer eignen und so f\u00fcr ein ausgewogeneres Aroma in Ihren Gerichten sorgen. Im Herzen des exquisit gestalteten Salzstreuers befindet sich eine \u00e4sthetisch gestaltete \u00d6ffnung, die nicht nur ihren funktionalen Zweck erf\u00fcllt, sondern auch das Erscheinungsbild des Produkts visuell bereichert und gleichzeitig eine praktische L\u00f6sung zur Aufbewahrung von Zahnstochern bietet. Das gesamte Produkt wird durch einen wundersch\u00f6n gestalteten Griff erg\u00e4nzt, der dem Salzstreuer eine v\u00f6llig praktische und funktionale Bedeutung verleiht.<\/p>\n<p>Das anmutige und charakteristische Zirbenholz betont die Einzigartigkeit unseres Salzstreuers, da jedes St\u00fcck Holz einzigartig und anders ist. Zirbenholz ist bekannt f\u00fcr seine vielen positiven Auswirkungen auf das Wohlbefinden, daher wird der Salzstreuer nicht mit zus\u00e4tzlichen Beschichtungen behandelt.<\/p>\n<p>Zirbenholz ist ein \u00e4u\u00dferst hochwertiges und langlebiges Holz, das eine lange Lebensdauer des Produkts gew\u00e4hrleistet. Mit seinem raffinierten Design wird der Holzsalzstreuer Ihren Esstisch erfrischen und die Frische der Natur in Ihren Raum bringen.<\/p>\n<h2>Ein eleganter nat\u00fcrlicher Zusatz f\u00fcr Ihren Tisch &#8211; Ein Salzstreuer, der Ihre Gerichte auf ein h\u00f6heres Niveau hebt<\/h2>\n<p>Mit dem Holzsalzstreuer aus Schweizer Kiefer erleben Sie die perfekte Kombination aus Praktikabilit\u00e4t, \u00c4sthetik und Funktionalit\u00e4t, die jede Mahlzeit mit einem Hauch von Natur bereichert.<\/p>\n<p>Er ist f\u00fcr einfaches und bequemes Dosieren von Salz konzipiert, wobei die Glasbeh\u00e4lter eine pr\u00e4zise Kontrolle \u00fcber die Menge erm\u00f6glichen, die Sie den Gerichten hinzuf\u00fcgen. Neben seiner grundlegenden Funktion des Salzdosierens ist der Salzstreuer vielseitig einsetzbar und kann auch zum Dosieren anderer feiner Gew\u00fcrze Ihrer Wahl, wie Pfeffer oder andere feine Gew\u00fcrze, verwendet werden.<\/p>\n<p>Aufgrund seines eleganten Designs und seines nat\u00fcrlichen Aussehens ist der Salzstreuer eine hervorragende Erg\u00e4nzung f\u00fcr jeden Esstisch und bringt Raffinesse und W\u00e4rme in Ihren Raum.<\/p>\n<p>Er eignet sich sowohl f\u00fcr den Gebrauch zu Hause als auch in Restaurants, da seine hochwertige Verarbeitung auch bei regelm\u00e4\u00dfiger Verwendung Langlebigkeit und Zuverl\u00e4ssigkeit gew\u00e4hrleistet.<\/p>\n<p>Dank seiner kompakten und praktischen Gr\u00f6\u00dfe eignet er sich ideal zum Transportieren zwischen verschiedenen Orten. Sie k\u00f6nnen ihn im Esszimmer, beim Grillen oder bei Outdoor-Picknicks verwenden. Seine Vielseitigkeit und Mehrzweckverwendung sorgen daf\u00fcr, dass er Ihr unverzichtbarer Begleiter f\u00fcr jede Gelegenheit wird.<\/p>\n<p>Aufgrund seiner Sch\u00f6nheit und Praktikabilit\u00e4t eignet sich der Salzstreuer aus Schweizer Kiefer hervorragend als Geschenk. Sie k\u00f6nnen ihn Liebhabern der Kochkunst schenken oder ihn als elegantes Geschenk f\u00fcr besondere Anl\u00e4sse verwenden.<\/p>\n<h3>Nat\u00fcrliche Eleganz bewahren &#8211; Tipps zur Pflege des Salzstreuers aus Schweizer Kiefer<\/h3>\n<p>Der aus Zirbenholz gefertigte Holzsalzstreuer kann eine dauerhafte und sch\u00f6ne Erg\u00e4nzung f\u00fcr Ihr Zuhause sein, aber es ist wichtig, ihn richtig zu pflegen, um seine nat\u00fcrliche Sch\u00f6nheit zu bewahren.<\/p>\n<p>Reinigen Sie den Salzstreuer mit einem trockenen oder leicht feuchten Tuch, um Schmutz oder Flecken zu entfernen. Verwenden Sie sanfte Reinigungsmittel, um das Holz nicht zu besch\u00e4digen.<\/p>\n<p>Um den Glanz zu erhalten und das Holz zu sch\u00fctzen, k\u00f6nnen Sie den Salzstreuer gelegentlich mit einem hochwertigen Holzpolitur behandeln. Es wird empfohlen, ein speziell f\u00fcr Holzoberfl\u00e4chen entwickeltes Poliermittel zu verwenden.<\/p>\n<p>Um m\u00f6gliche Sch\u00e4den am Holz zu vermeiden, bewahren Sie den Salzstreuer fern von direktem Sonnenlicht, Hitze und Feuchtigkeit auf. Feuchtigkeit kann ebenfalls Risse verursachen oder das Holz verformen.<\/p>\n<p>Achten Sie darauf, keine feuchten oder hei\u00dfen Gegenst\u00e4nde direkt auf den Salzstreuer zu legen, da dies Flecken oder Besch\u00e4digungen verursachen kann.<\/p>\n<p>Mit unseren Tipps und sorgf\u00e4ltiger Pflege wird unser Holzsalzstreuer immer seinen urspr\u00fcnglichen Glanz und seine au\u00dfergew\u00f6hnliche Sch\u00f6nheit bewahren und Ihren Esstisch lange schm\u00fccken.<\/p>\n<h4>Unbezahlbare Sch\u00f6nheit und Funktionalit\u00e4t des Salzstreuers in Ihrem Zuhause &#8211; Eine inspirierende Wahl, bereichert durch den positiven Einfluss der Zirbe auf Ihr Wohlbefinden.<\/h4>\n<ul>\n<li><strong>Nat\u00fcrliche Sch\u00f6nheit:<\/strong> Der Salzstreuer aus Schweizer Kiefer bringt die nat\u00fcrliche Sch\u00f6nheit des Holzes in Ihr Zuhause. Jedes Holzst\u00fcck ist einzigartig und betont die Einzigartigkeit des Produkts und f\u00fcgt Ihrem Umfeld \u00e4sthetischen Wert hinzu.<\/li>\n<li><strong>Langlebigkeit und Widerstandsf\u00e4higkeit:<\/strong> Schweizer Kiefer ist bekannt f\u00fcr ihre St\u00e4rke und Langlebigkeit. Salzstreuer aus diesem Holz sind \u00e4u\u00dferst langlebig und zuverl\u00e4ssig und gew\u00e4hrleisten bei ordnungsgem\u00e4\u00dfer Pflege eine lange Lebensdauer des Produkts.<\/li>\n<\/ul>\n<p>Schweizer Kiefer, auch bekannt als Zirbenholz, ist in hochgelegenen Regionen Europas zu finden, insbesondere in den Alpen. Als Holz wird Schweizer Kiefer wegen ihrer Festigkeit, Witterungsbest\u00e4ndigkeit und attraktiven Maserung und Farbe gesch\u00e4tzt.<\/p>\n<p>Zirbenholz, bekannt f\u00fcr seinen hohen Gehalt an Pinosilvinen, verstr\u00f6mt einen feinen Duft und hat viele positive Auswirkungen, was Produkte aus diesem Holz immer beliebter macht. Nachfolgend finden Sie einige Gr\u00fcnde, warum es sich lohnt, Holzprodukte aus Zirbenholz zu Hause zu haben.<\/p>\n<ul>\n<li><strong>Beruhigender Einfluss:<\/strong> Der Duft von Zirbenholz wirkt beruhigend auf Menschen und hilft, Stress und Angst abzubauen und ein Gef\u00fchl der Entspannung zu f\u00f6rdern.<\/li>\n<li><strong>Verbesserter Schlaf:<\/strong> Der milde Duft von Zirbenholz kann die Schlafqualit\u00e4t verbessern und f\u00fcr einen ruhigeren und erholsameren Schlaf sorgen.<\/li>\n<li><strong>Erh\u00f6hte Konzentration und Fokus:<\/strong> Einige Menschen bemerken, dass der Duft von Zirbenholz die Konzentration und den Fokus verbessert, was bei der Arbeit oder im Studium von Vorteil ist.<\/li>\n<li><strong>Hilfe bei Atemwegsproblemen:<\/strong> Zirbenholz kann bei der Linderung von Atemwegsproblemen wie Husten oder verstopfter Nase helfen, da es viele antibakterielle und entz\u00fcndungshemmende Eigenschaften hat.<\/li>\n<\/ul>\n","protected":false},"excerpt":{"rendered":"<p>Nat\u00fcrlichkeit in jeder Mahlzeit &#8211; Holzsalzstreuer f\u00fcr perfekte Dosierung Entdecken Sie nat\u00fcrliche Eleganz mit unserem Holzsalzstreuer, hergestellt aus hochwertiger Schweizer<\/p>\n","protected":false},"featured_media":10638,"comment_status":"open","ping_status":"closed","template":"","meta":[],"product_brand":[],"product_cat":[157,159],"product_tag":[],"class_list":{"0":"post-11058","1":"product","2":"type-product","3":"status-publish","4":"has-post-thumbnail","6":"product_cat-kuechenprodukte-aus-zirbe","7":"product_cat-produkte-aus-zirbenholz","9":"first","10":"instock","11":"sale","12":"taxable","13":"shipping-taxable","14":"purchasable","15":"product-type-simple"},"_links":{"self":[{"href":"https:\/\/zirben-shop.eu\/de\/wp-json\/wp\/v2\/product\/11058","targetHints":{"allow":["GET"]}}],"collection":[{"href":"https:\/\/zirben-shop.eu\/de\/wp-json\/wp\/v2\/product"}],"about":[{"href":"https:\/\/zirben-shop.eu\/de\/wp-json\/wp\/v2\/types\/product"}],"replies":[{"embeddable":true,"href":"https:\/\/zirben-shop.eu\/de\/wp-json\/wp\/v2\/comments?post=11058"}],"version-history":[{"count":3,"href":"https:\/\/zirben-shop.eu\/de\/wp-json\/wp\/v2\/product\/11058\/revisions"}],"predecessor-version":[{"id":11538,"href":"https:\/\/zirben-shop.eu\/de\/wp-json\/wp\/v2\/product\/11058\/revisions\/11538"}],"wp:featuredmedia":[{"embeddable":true,"href":"https:\/\/zirben-shop.eu\/de\/wp-json\/wp\/v2\/media\/10638"}],"wp:attachment":[{"href":"https:\/\/zirben-shop.eu\/de\/wp-json\/wp\/v2\/media?parent=11058"}],"wp:term":[{"taxonomy":"product_brand","embeddable":true,"href":"https:\/\/zirben-shop.eu\/de\/wp-json\/wp\/v2\/product_brand?post=11058"},{"taxonomy":"product_cat","embeddable":true,"href":"https:\/\/zirben-shop.eu\/de\/wp-json\/wp\/v2\/product_cat?post=11058"},{"taxonomy":"product_tag","embeddable":true,"href":"https:\/\/zirben-shop.eu\/de\/wp-json\/wp\/v2\/product_tag?post=11058"}],"curies":[{"name":"wp","href":"https:\/\/api.w.org\/{rel}","templated":true}]}}