{"id":12326,"date":"2024-10-16T09:58:16","date_gmt":"2024-10-16T07:58:16","guid":{"rendered":"https:\/\/zirben-shop.eu\/izdelek\/set-untersetzer-mit-staender-hirsch\/"},"modified":"2024-10-16T09:58:16","modified_gmt":"2024-10-16T07:58:16","slug":"set-untersetzer-mit-staender-hirsch","status":"publish","type":"product","link":"https:\/\/zirben-shop.eu\/de\/produkt\/set-untersetzer-mit-staender-hirsch\/","title":{"rendered":"Set Untersetzer mit St\u00e4nder &#8211; Hirsch"},"content":{"rendered":"","protected":false},"excerpt":{"rendered":"<p>Grundma\u00dfe: 100 x 100 x 5 mm. Das Set enth\u00e4lt 12 Untersetzer. <\/p>\n","protected":false},"featured_media":12167,"comment_status":"open","ping_status":"closed","template":"","meta":[],"product_brand":[],"product_cat":[159,158],"product_tag":[],"class_list":{"0":"post-12326","1":"product","2":"type-product","3":"status-publish","4":"has-post-thumbnail","6":"product_cat-produkte-aus-zirbenholz","7":"product_cat-wohnaccessoires-aus-zirbe","9":"first","10":"instock","11":"taxable","12":"shipping-taxable","13":"purchasable","14":"product-type-simple"},"_links":{"self":[{"href":"https:\/\/zirben-shop.eu\/de\/wp-json\/wp\/v2\/product\/12326","targetHints":{"allow":["GET"]}}],"collection":[{"href":"https:\/\/zirben-shop.eu\/de\/wp-json\/wp\/v2\/product"}],"about":[{"href":"https:\/\/zirben-shop.eu\/de\/wp-json\/wp\/v2\/types\/product"}],"replies":[{"embeddable":true,"href":"https:\/\/zirben-shop.eu\/de\/wp-json\/wp\/v2\/comments?post=12326"}],"version-history":[{"count":0,"href":"https:\/\/zirben-shop.eu\/de\/wp-json\/wp\/v2\/product\/12326\/revisions"}],"wp:featuredmedia":[{"embeddable":true,"href":"https:\/\/zirben-shop.eu\/de\/wp-json\/wp\/v2\/media\/12167"}],"wp:attachment":[{"href":"https:\/\/zirben-shop.eu\/de\/wp-json\/wp\/v2\/media?parent=12326"}],"wp:term":[{"taxonomy":"product_brand","embeddable":true,"href":"https:\/\/zirben-shop.eu\/de\/wp-json\/wp\/v2\/product_brand?post=12326"},{"taxonomy":"product_cat","embeddable":true,"href":"https:\/\/zirben-shop.eu\/de\/wp-json\/wp\/v2\/product_cat?post=12326"},{"taxonomy":"product_tag","embeddable":true,"href":"https:\/\/zirben-shop.eu\/de\/wp-json\/wp\/v2\/product_tag?post=12326"}],"curies":[{"name":"wp","href":"https:\/\/api.w.org\/{rel}","templated":true}]}}